{"id":633,"date":"2014-10-28T16:48:38","date_gmt":"2014-10-28T16:48:38","guid":{"rendered":"https:\/\/undsgn.com\/uncode\/?page_id=633"},"modified":"2019-10-30T18:58:22","modified_gmt":"2019-10-30T17:58:22","slug":"kapcsolat","status":"publish","type":"page","link":"https:\/\/krisztinasiska.com\/iwm\/kapcsolat\/","title":{"rendered":"Kapcsolat"},"content":{"rendered":"<p>[vc_row unlock_row_content=&#8221;yes&#8221; row_height_percent=&#8221;0&#8243; override_padding=&#8221;yes&#8221; h_padding=&#8221;2&#8243; top_padding=&#8221;3&#8243; bottom_padding=&#8221;3&#8243; back_color=&#8221;color-wayh&#8221; back_image=&#8221;11298&#8243; back_position=&#8221;center center&#8221; parallax=&#8221;yes&#8221; overlay_color=&#8221;color-wayh&#8221; overlay_alpha=&#8221;85&#8243; gutter_size=&#8221;100&#8243; column_width_percent=&#8221;100&#8243; shift_y=&#8221;0&#8243; z_index=&#8221;0&#8243; row_width=&#8221;1000&#8243; block_height=&#8221;0&#8243; back_alpha=&#8221;100&#8243; border_size=&#8221;1&#8243; style=&#8221;dark&#8221; shape_dividers=&#8221;&#8221;][vc_column column_width_use_pixel=&#8221;yes&#8221; style=&#8221;dark&#8221; overlay_alpha=&#8221;100&#8243; gutter_size=&#8221;3&#8243; medium_width=&#8221;0&#8243; shift_x=&#8221;0&#8243; shift_y=&#8221;0&#8243; zoom_width=&#8221;0&#8243; zoom_height=&#8221;0&#8243; width=&#8221;1\/1&#8243; max_width=&#8221;100&#8243; align_vertical=&#8221;top&#8221; back_alpha=&#8221;100&#8243; column_width_pixel=&#8221;800&#8243;]<div role=\"form\" class=\"wpcf7\" id=\"wpcf7-f79570-o1\" lang=\"hu-HU\" dir=\"ltr\">\n<div class=\"screen-reader-response\"><p role=\"status\" aria-live=\"polite\" aria-atomic=\"true\"><\/p> <ul><\/ul><\/div>\n<form action=\"\/iwm\/wp-json\/wp\/v2\/pages\/633#wpcf7-f79570-o1\" method=\"post\" class=\"wpcf7-form init input-underline\" novalidate=\"novalidate\" data-status=\"init\">\n<div style=\"display: none;\">\n<input type=\"hidden\" name=\"_wpcf7\" value=\"79570\" \/>\n<input type=\"hidden\" name=\"_wpcf7_version\" value=\"5.6\" \/>\n<input type=\"hidden\" name=\"_wpcf7_locale\" value=\"hu_HU\" \/>\n<input type=\"hidden\" name=\"_wpcf7_unit_tag\" value=\"wpcf7-f79570-o1\" \/>\n<input type=\"hidden\" name=\"_wpcf7_container_post\" value=\"0\" \/>\n<input type=\"hidden\" name=\"_wpcf7_posted_data_hash\" value=\"\" \/>\n<\/div>\n<p><label> N\u00e9v (k\u00f6telez\u0151)<br \/>\n    <span class=\"wpcf7-form-control-wrap\" data-name=\"your-name\"><input type=\"text\" name=\"your-name\" value=\"\" size=\"40\" class=\"wpcf7-form-control wpcf7-text wpcf7-validates-as-required\" aria-required=\"true\" aria-invalid=\"false\" \/><\/span> <\/label><\/p>\n<p><label> Email c\u00edm (k\u00f6telez\u0151)<br \/>\n    <span class=\"wpcf7-form-control-wrap\" data-name=\"your-email\"><input type=\"email\" name=\"your-email\" value=\"\" size=\"40\" class=\"wpcf7-form-control wpcf7-text wpcf7-email wpcf7-validates-as-required wpcf7-validates-as-email\" aria-required=\"true\" aria-invalid=\"false\" \/><\/span> <\/label><\/p>\n<p><label> \u00dczenet<br \/>\n    <span class=\"wpcf7-form-control-wrap\" data-name=\"your-message\"><textarea name=\"your-message\" cols=\"40\" rows=\"10\" class=\"wpcf7-form-control wpcf7-textarea\" aria-invalid=\"false\"><\/textarea><\/span> <\/label><\/p>\n<p><input type=\"submit\" value=\"K\u00fcld\u00e9s\" class=\"wpcf7-form-control has-spinner wpcf7-submit\" \/><\/p>\n<p style=\"display: none !important;\"><label>&#916;<textarea name=\"_wpcf7_ak_hp_textarea\" cols=\"45\" rows=\"8\" maxlength=\"100\"><\/textarea><\/label><input type=\"hidden\" id=\"ak_js_1\" name=\"_wpcf7_ak_js\" value=\"86\"\/><script>document.getElementById( \"ak_js_1\" ).setAttribute( \"value\", ( new Date() ).getTime() );<\/script><\/p><div class=\"wpcf7-response-output\" aria-hidden=\"true\"><\/div><\/form><\/div>[\/vc_column][\/vc_row]<\/p>\n","protected":false},"excerpt":{"rendered":"<p>L\u00e9pj kapcsolatba velem!<\/p>\n","protected":false},"author":1,"featured_media":79591,"parent":0,"menu_order":0,"comment_status":"open","ping_status":"open","template":"","meta":[],"yoast_head":"<!-- This site is optimized with the Yoast SEO plugin v19.2 - https:\/\/yoast.com\/wordpress\/plugins\/seo\/ -->\n<title>Kapcsolat - I Will Wear What I Want<\/title>\n<meta name=\"robots\" content=\"index, follow, max-snippet:-1, max-image-preview:large, max-video-preview:-1\" \/>\n<link rel=\"canonical\" href=\"https:\/\/krisztinasiska.com\/iwm\/kapcsolat\/\" \/>\n<meta property=\"og:locale\" content=\"hu_HU\" \/>\n<meta property=\"og:type\" content=\"article\" \/>\n<meta property=\"og:title\" content=\"Kapcsolat - I Will Wear What I Want\" \/>\n<meta property=\"og:description\" content=\"L\u00e9pj kapcsolatba velem!\" \/>\n<meta property=\"og:url\" content=\"https:\/\/krisztinasiska.com\/iwm\/kapcsolat\/\" \/>\n<meta property=\"og:site_name\" content=\"I Will Wear What I Want\" \/>\n<meta property=\"article:publisher\" content=\"https:\/\/www.facebook.com\/krisztinasiska.style\/\" \/>\n<meta property=\"article:modified_time\" content=\"2019-10-30T17:58:22+00:00\" \/>\n<meta property=\"og:image\" content=\"https:\/\/krisztinasiska.com\/iwm\/wp-content\/uploads\/2019\/08\/k\u00e9z-2.jpg\" \/>\n\t<meta property=\"og:image:width\" content=\"1920\" \/>\n\t<meta property=\"og:image:height\" content=\"1592\" \/>\n\t<meta property=\"og:image:type\" content=\"image\/jpeg\" \/>\n<meta name=\"author\" content=\"Siska Krisztina\" \/>\n<meta name=\"twitter:card\" content=\"summary_large_image\" \/>\n<meta name=\"twitter:label1\" content=\"Becs\u00fclt olvas\u00e1si id\u0151\" \/>\n\t<meta name=\"twitter:data1\" content=\"1 perc\" \/>\n<script type=\"application\/ld+json\" class=\"yoast-schema-graph\">{\"@context\":\"https:\/\/schema.org\",\"@graph\":[{\"@type\":[\"Person\",\"Organization\"],\"@id\":\"https:\/\/krisztinasiska.com\/iwm\/#\/schema\/person\/f64c24c77362637319a4223d48f78ef9\",\"name\":\"Siska Krisztina\",\"image\":{\"@type\":\"ImageObject\",\"inLanguage\":\"hu\",\"@id\":\"https:\/\/krisztinasiska.com\/iwm\/#\/schema\/person\/image\/\",\"url\":\"https:\/\/secure.gravatar.com\/avatar\/cf0df618703e5274ef3068726ef46b1a?s=96&r=g\",\"contentUrl\":\"https:\/\/secure.gravatar.com\/avatar\/cf0df618703e5274ef3068726ef46b1a?s=96&r=g\",\"caption\":\"Siska Krisztina\"},\"logo\":{\"@id\":\"https:\/\/krisztinasiska.com\/iwm\/#\/schema\/person\/image\/\"},\"sameAs\":[\"https:\/\/www.facebook.com\/krisztinasiska.style\/\",\"https:\/\/www.instagram.com\/krisztinasiska_stylist\/\"]},{\"@type\":\"WebSite\",\"@id\":\"https:\/\/krisztinasiska.com\/iwm\/#website\",\"url\":\"https:\/\/krisztinasiska.com\/iwm\/\",\"name\":\"I Will Wear What I Want\",\"description\":\"Siska Krisztina st\u00edlusmagazinja\",\"publisher\":{\"@id\":\"https:\/\/krisztinasiska.com\/iwm\/#\/schema\/person\/f64c24c77362637319a4223d48f78ef9\"},\"potentialAction\":[{\"@type\":\"SearchAction\",\"target\":{\"@type\":\"EntryPoint\",\"urlTemplate\":\"https:\/\/krisztinasiska.com\/iwm\/?s={search_term_string}\"},\"query-input\":\"required name=search_term_string\"}],\"inLanguage\":\"hu\"},{\"@type\":\"ImageObject\",\"inLanguage\":\"hu\",\"@id\":\"https:\/\/krisztinasiska.com\/iwm\/kapcsolat\/#primaryimage\",\"url\":\"https:\/\/krisztinasiska.com\/iwm\/wp-content\/uploads\/2019\/08\/k\u00e9z-2.jpg\",\"contentUrl\":\"https:\/\/krisztinasiska.com\/iwm\/wp-content\/uploads\/2019\/08\/k\u00e9z-2.jpg\",\"width\":1920,\"height\":1592},{\"@type\":\"WebPage\",\"@id\":\"https:\/\/krisztinasiska.com\/iwm\/kapcsolat\/#webpage\",\"url\":\"https:\/\/krisztinasiska.com\/iwm\/kapcsolat\/\",\"name\":\"Kapcsolat - I Will Wear What I Want\",\"isPartOf\":{\"@id\":\"https:\/\/krisztinasiska.com\/iwm\/#website\"},\"primaryImageOfPage\":{\"@id\":\"https:\/\/krisztinasiska.com\/iwm\/kapcsolat\/#primaryimage\"},\"datePublished\":\"2014-10-28T16:48:38+00:00\",\"dateModified\":\"2019-10-30T17:58:22+00:00\",\"breadcrumb\":{\"@id\":\"https:\/\/krisztinasiska.com\/iwm\/kapcsolat\/#breadcrumb\"},\"inLanguage\":\"hu\",\"potentialAction\":[{\"@type\":\"ReadAction\",\"target\":[\"https:\/\/krisztinasiska.com\/iwm\/kapcsolat\/\"]}]},{\"@type\":\"BreadcrumbList\",\"@id\":\"https:\/\/krisztinasiska.com\/iwm\/kapcsolat\/#breadcrumb\",\"itemListElement\":[{\"@type\":\"ListItem\",\"position\":1,\"name\":\"Home\",\"item\":\"https:\/\/krisztinasiska.com\/iwm\/\"},{\"@type\":\"ListItem\",\"position\":2,\"name\":\"Kapcsolat\"}]}]}<\/script>\n<!-- \/ Yoast SEO plugin. -->","yoast_head_json":{"title":"Kapcsolat - I Will Wear What I Want","robots":{"index":"index","follow":"follow","max-snippet":"max-snippet:-1","max-image-preview":"max-image-preview:large","max-video-preview":"max-video-preview:-1"},"canonical":"https:\/\/krisztinasiska.com\/iwm\/kapcsolat\/","og_locale":"hu_HU","og_type":"article","og_title":"Kapcsolat - I Will Wear What I Want","og_description":"L\u00e9pj kapcsolatba velem!","og_url":"https:\/\/krisztinasiska.com\/iwm\/kapcsolat\/","og_site_name":"I Will Wear What I Want","article_publisher":"https:\/\/www.facebook.com\/krisztinasiska.style\/","article_modified_time":"2019-10-30T17:58:22+00:00","og_image":[{"width":1920,"height":1592,"url":"https:\/\/krisztinasiska.com\/iwm\/wp-content\/uploads\/2019\/08\/k\u00e9z-2.jpg","type":"image\/jpeg"}],"author":"Siska Krisztina","twitter_card":"summary_large_image","twitter_misc":{"Becs\u00fclt olvas\u00e1si id\u0151":"1 perc"},"schema":{"@context":"https:\/\/schema.org","@graph":[{"@type":["Person","Organization"],"@id":"https:\/\/krisztinasiska.com\/iwm\/#\/schema\/person\/f64c24c77362637319a4223d48f78ef9","name":"Siska Krisztina","image":{"@type":"ImageObject","inLanguage":"hu","@id":"https:\/\/krisztinasiska.com\/iwm\/#\/schema\/person\/image\/","url":"https:\/\/secure.gravatar.com\/avatar\/cf0df618703e5274ef3068726ef46b1a?s=96&r=g","contentUrl":"https:\/\/secure.gravatar.com\/avatar\/cf0df618703e5274ef3068726ef46b1a?s=96&r=g","caption":"Siska Krisztina"},"logo":{"@id":"https:\/\/krisztinasiska.com\/iwm\/#\/schema\/person\/image\/"},"sameAs":["https:\/\/www.facebook.com\/krisztinasiska.style\/","https:\/\/www.instagram.com\/krisztinasiska_stylist\/"]},{"@type":"WebSite","@id":"https:\/\/krisztinasiska.com\/iwm\/#website","url":"https:\/\/krisztinasiska.com\/iwm\/","name":"I Will Wear What I Want","description":"Siska Krisztina st\u00edlusmagazinja","publisher":{"@id":"https:\/\/krisztinasiska.com\/iwm\/#\/schema\/person\/f64c24c77362637319a4223d48f78ef9"},"potentialAction":[{"@type":"SearchAction","target":{"@type":"EntryPoint","urlTemplate":"https:\/\/krisztinasiska.com\/iwm\/?s={search_term_string}"},"query-input":"required name=search_term_string"}],"inLanguage":"hu"},{"@type":"ImageObject","inLanguage":"hu","@id":"https:\/\/krisztinasiska.com\/iwm\/kapcsolat\/#primaryimage","url":"https:\/\/krisztinasiska.com\/iwm\/wp-content\/uploads\/2019\/08\/k\u00e9z-2.jpg","contentUrl":"https:\/\/krisztinasiska.com\/iwm\/wp-content\/uploads\/2019\/08\/k\u00e9z-2.jpg","width":1920,"height":1592},{"@type":"WebPage","@id":"https:\/\/krisztinasiska.com\/iwm\/kapcsolat\/#webpage","url":"https:\/\/krisztinasiska.com\/iwm\/kapcsolat\/","name":"Kapcsolat - I Will Wear What I Want","isPartOf":{"@id":"https:\/\/krisztinasiska.com\/iwm\/#website"},"primaryImageOfPage":{"@id":"https:\/\/krisztinasiska.com\/iwm\/kapcsolat\/#primaryimage"},"datePublished":"2014-10-28T16:48:38+00:00","dateModified":"2019-10-30T17:58:22+00:00","breadcrumb":{"@id":"https:\/\/krisztinasiska.com\/iwm\/kapcsolat\/#breadcrumb"},"inLanguage":"hu","potentialAction":[{"@type":"ReadAction","target":["https:\/\/krisztinasiska.com\/iwm\/kapcsolat\/"]}]},{"@type":"BreadcrumbList","@id":"https:\/\/krisztinasiska.com\/iwm\/kapcsolat\/#breadcrumb","itemListElement":[{"@type":"ListItem","position":1,"name":"Home","item":"https:\/\/krisztinasiska.com\/iwm\/"},{"@type":"ListItem","position":2,"name":"Kapcsolat"}]}]}},"_links":{"self":[{"href":"https:\/\/krisztinasiska.com\/iwm\/wp-json\/wp\/v2\/pages\/633"}],"collection":[{"href":"https:\/\/krisztinasiska.com\/iwm\/wp-json\/wp\/v2\/pages"}],"about":[{"href":"https:\/\/krisztinasiska.com\/iwm\/wp-json\/wp\/v2\/types\/page"}],"author":[{"embeddable":true,"href":"https:\/\/krisztinasiska.com\/iwm\/wp-json\/wp\/v2\/users\/1"}],"replies":[{"embeddable":true,"href":"https:\/\/krisztinasiska.com\/iwm\/wp-json\/wp\/v2\/comments?post=633"}],"version-history":[{"count":6,"href":"https:\/\/krisztinasiska.com\/iwm\/wp-json\/wp\/v2\/pages\/633\/revisions"}],"predecessor-version":[{"id":79583,"href":"https:\/\/krisztinasiska.com\/iwm\/wp-json\/wp\/v2\/pages\/633\/revisions\/79583"}],"wp:featuredmedia":[{"embeddable":true,"href":"https:\/\/krisztinasiska.com\/iwm\/wp-json\/wp\/v2\/media\/79591"}],"wp:attachment":[{"href":"https:\/\/krisztinasiska.com\/iwm\/wp-json\/wp\/v2\/media?parent=633"}],"curies":[{"name":"wp","href":"https:\/\/api.w.org\/{rel}","templated":true}]}}