{"id":4925,"date":"2019-07-31T12:19:22","date_gmt":"2019-07-31T10:19:22","guid":{"rendered":"https:\/\/undsgn.com\/uncode\/?page_id=4925"},"modified":"2022-02-03T01:08:32","modified_gmt":"2022-02-03T00:08:32","slug":"blog-masonry","status":"publish","type":"page","link":"https:\/\/krisztinasiska.com\/iwm\/","title":{"rendered":"I will wear what I want"},"content":{"rendered":"<p>[vc_row unlock_row_content=&#8221;yes&#8221; row_height_percent=&#8221;0&#8243; override_padding=&#8221;yes&#8221; h_padding=&#8221;3&#8243; top_padding=&#8221;0&#8243; bottom_padding=&#8221;3&#8243; back_color=&#8221;color-prif&#8221; overlay_alpha=&#8221;0&#8243; gutter_size=&#8221;100&#8243; column_width_percent=&#8221;100&#8243; shift_y=&#8221;0&#8243; z_index=&#8221;0&#8243; style=&#8221;inherited&#8221;][vc_column column_width_percent=&#8221;100&#8243; position_horizontal=&#8221;left&#8221; gutter_size=&#8221;3&#8243; overlay_alpha=&#8221;100&#8243; shift_x=&#8221;0&#8243; shift_y=&#8221;-3&#8243; shift_y_fixed=&#8221;yes&#8221; shift_y_down=&#8221;0&#8243; z_index=&#8221;0&#8243; medium_width=&#8221;0&#8243; mobile_width=&#8221;0&#8243; css_animation=&#8221;alpha-anim&#8221; animation_delay=&#8221;200&#8243; zoom_width=&#8221;0&#8243; zoom_height=&#8221;0&#8243; width=&#8221;1\/1&#8243;][vc_empty_space empty_h=&#8221;3&#8243; desktop_visibility=&#8221;yes&#8221; medium_visibility=&#8221;yes&#8221;][uncode_index el_id=&#8221;index-147013&#8243; loop=&#8221;size:All|order_by:date|post_type:post|by_id:80648,80615,80544,80483,80425,80310,80272,80210,80173,80032,80000,79967,79723,79686,79600,79311,80722|taxonomy_count:10&#8243; filtering=&#8221;yes&#8221; filter_style=&#8221;dark&#8221; filtering_full_width=&#8221;yes&#8221; filtering_position=&#8221;right&#8221; filtering_uppercase=&#8221;yes&#8221; infinite=&#8221;yes&#8221; footer_style=&#8221;dark&#8221; gutter_size=&#8221;3&#8243; post_items=&#8221;media|featured|onpost|original,category|bordered|topright|display-icon,date,title,text|excerpt,link|default|small_size|outline_inv,sep-one|full,author|md_size|display_qualification,extra&#8221; screen_lg=&#8221;1100&#8243; screen_md=&#8221;960&#8243; screen_sm=&#8221;480&#8243; single_width=&#8221;2&#8243; images_size=&#8221;one-one&#8221; single_back_color=&#8221;color-xsdn&#8221; single_shape=&#8221;round&#8221; single_overlay_opacity=&#8221;50&#8243; single_overlay_anim=&#8221;no&#8221; single_padding=&#8221;2&#8243; single_title_family=&#8221;font-669797&#8243; single_title_dimension=&#8221;h5&#8243; single_title_height=&#8221;fontheight-357766&#8243; single_title_space=&#8221;fontspace-111509&#8243; single_shadow=&#8221;yes&#8221; shadow_weight=&#8221;std&#8221; shadow_darker=&#8221;yes&#8221; single_border=&#8221;yes&#8221; single_css_animation=&#8221;bottom-t-top&#8221; single_animation_speed=&#8221;600&#8243; single_animation_delay=&#8221;200&#8243; post_matrix=&#8221;matrix&#8221; matrix_amount=&#8221;2&#8243; single_image_translate=&#8221;yes&#8221; shadow_hover=&#8221;yes&#8221; shadow_hover_weight=&#8221;lg&#8221; shadow_darker_hover=&#8221;yes&#8221; matrix_items=&#8221;eyIwX2kiOnsiaW1hZ2VzX3NpemUiOiJvbmUtb25lIn19&#8243; offset=&#8221;17&#8243; single_icon=&#8221;fa fa-clock-o&#8221; filter_all_text=&#8221;Mind&#8221; uncode_shortcode_id=&#8221;186983&#8243;][\/vc_column][\/vc_row]<\/p>\n","protected":false},"excerpt":{"rendered":"<p>[vc_row unlock_row_content=&#8221;yes&#8221; row_height_percent=&#8221;0&#8243; override_padding=&#8221;yes&#8221; h_padding=&#8221;3&#8243; top_padding=&#8221;0&#8243; bottom_padding=&#8221;3&#8243; back_color=&#8221;color-prif&#8221; overlay_alpha=&#8221;0&#8243; gutter_size=&#8221;100&#8243; column_width_percent=&#8221;100&#8243; shift_y=&#8221;0&#8243; z_index=&#8221;0&#8243; style=&#8221;inherited&#8221;][vc_column column_width_percent=&#8221;100&#8243; position_horizontal=&#8221;left&#8221; gutter_size=&#8221;3&#8243; overlay_alpha=&#8221;100&#8243; shift_x=&#8221;0&#8243; shift_y=&#8221;-3&#8243; [&hellip;]<\/p>\n","protected":false},"author":1,"featured_media":0,"parent":0,"menu_order":0,"comment_status":"open","ping_status":"closed","template":"","meta":[],"yoast_head":"<!-- This site is optimized with the Yoast SEO plugin v19.2 - https:\/\/yoast.com\/wordpress\/plugins\/seo\/ -->\n<title>I will wear what I want - I Will Wear What I Want<\/title>\n<meta name=\"description\" content=\"Alak\u00edts ki egy olyan st\u00edlust, ami neked a legink\u00e1bb megfelel: azt viseld, ami t\u00e9ged igaz\u00e1n kifejez, ami neked a legkomfortosabb \u00e9s ami a c\u00e9ljaidat a legjobban szolg\u00e1lja. Ezt a szeml\u00e9letet fejezi ki a magazinom neve is: \u201eI will wear what I want\u201d\" \/>\n<meta name=\"robots\" content=\"index, follow, max-snippet:-1, max-image-preview:large, max-video-preview:-1\" \/>\n<link rel=\"canonical\" href=\"https:\/\/krisztinasiska.com\/iwm\/\" \/>\n<meta property=\"og:locale\" content=\"hu_HU\" \/>\n<meta property=\"og:type\" content=\"article\" \/>\n<meta property=\"og:title\" content=\"I will wear what I want\" \/>\n<meta property=\"og:description\" content=\"Alak\u00edts ki egy olyan st\u00edlust, ami neked a legink\u00e1bb megfelel: azt viseld, ami t\u00e9ged igaz\u00e1n kifejez, ami neked a legkomfortosabb \u00e9s ami a c\u00e9ljaidat a legjobban szolg\u00e1lja. Ezt a szeml\u00e9letet fejezi ki a magazinom neve is: \u201eI will wear what I want\u201d\" \/>\n<meta property=\"og:url\" content=\"https:\/\/krisztinasiska.com\/iwm\/\" \/>\n<meta property=\"og:site_name\" content=\"I Will Wear What I Want\" \/>\n<meta property=\"article:publisher\" content=\"https:\/\/www.facebook.com\/krisztinasiska.style\/\" \/>\n<meta property=\"article:modified_time\" content=\"2022-02-03T00:08:32+00:00\" \/>\n<meta name=\"author\" content=\"Siska Krisztina\" \/>\n<meta name=\"twitter:card\" content=\"summary_large_image\" \/>\n<meta name=\"twitter:label1\" content=\"Becs\u00fclt olvas\u00e1si id\u0151\" \/>\n\t<meta name=\"twitter:data1\" content=\"1 perc\" \/>\n<script type=\"application\/ld+json\" class=\"yoast-schema-graph\">{\"@context\":\"https:\/\/schema.org\",\"@graph\":[{\"@type\":[\"Person\",\"Organization\"],\"@id\":\"https:\/\/krisztinasiska.com\/iwm\/#\/schema\/person\/f64c24c77362637319a4223d48f78ef9\",\"name\":\"Siska Krisztina\",\"image\":{\"@type\":\"ImageObject\",\"inLanguage\":\"hu\",\"@id\":\"https:\/\/krisztinasiska.com\/iwm\/#\/schema\/person\/image\/\",\"url\":\"https:\/\/secure.gravatar.com\/avatar\/cf0df618703e5274ef3068726ef46b1a?s=96&r=g\",\"contentUrl\":\"https:\/\/secure.gravatar.com\/avatar\/cf0df618703e5274ef3068726ef46b1a?s=96&r=g\",\"caption\":\"Siska Krisztina\"},\"logo\":{\"@id\":\"https:\/\/krisztinasiska.com\/iwm\/#\/schema\/person\/image\/\"},\"sameAs\":[\"https:\/\/www.facebook.com\/krisztinasiska.style\/\",\"https:\/\/www.instagram.com\/krisztinasiska_stylist\/\"]},{\"@type\":\"WebSite\",\"@id\":\"https:\/\/krisztinasiska.com\/iwm\/#website\",\"url\":\"https:\/\/krisztinasiska.com\/iwm\/\",\"name\":\"I Will Wear What I Want\",\"description\":\"Siska Krisztina st\u00edlusmagazinja\",\"publisher\":{\"@id\":\"https:\/\/krisztinasiska.com\/iwm\/#\/schema\/person\/f64c24c77362637319a4223d48f78ef9\"},\"potentialAction\":[{\"@type\":\"SearchAction\",\"target\":{\"@type\":\"EntryPoint\",\"urlTemplate\":\"https:\/\/krisztinasiska.com\/iwm\/?s={search_term_string}\"},\"query-input\":\"required name=search_term_string\"}],\"inLanguage\":\"hu\"},{\"@type\":\"WebPage\",\"@id\":\"https:\/\/krisztinasiska.com\/iwm\/#webpage\",\"url\":\"https:\/\/krisztinasiska.com\/iwm\/\",\"name\":\"I will wear what I want - I Will Wear What I Want\",\"isPartOf\":{\"@id\":\"https:\/\/krisztinasiska.com\/iwm\/#website\"},\"datePublished\":\"2019-07-31T10:19:22+00:00\",\"dateModified\":\"2022-02-03T00:08:32+00:00\",\"description\":\"Alak\u00edts ki egy olyan st\u00edlust, ami neked a legink\u00e1bb megfelel: azt viseld, ami t\u00e9ged igaz\u00e1n kifejez, ami neked a legkomfortosabb \u00e9s ami a c\u00e9ljaidat a legjobban szolg\u00e1lja. Ezt a szeml\u00e9letet fejezi ki a magazinom neve is: \u201eI will wear what I want\u201d\",\"breadcrumb\":{\"@id\":\"https:\/\/krisztinasiska.com\/iwm\/#breadcrumb\"},\"inLanguage\":\"hu\",\"potentialAction\":[{\"@type\":\"ReadAction\",\"target\":[\"https:\/\/krisztinasiska.com\/iwm\/\"]}]},{\"@type\":\"BreadcrumbList\",\"@id\":\"https:\/\/krisztinasiska.com\/iwm\/#breadcrumb\",\"itemListElement\":[{\"@type\":\"ListItem\",\"position\":1,\"name\":\"Home\",\"item\":\"https:\/\/krisztinasiska.com\/iwm\/\"},{\"@type\":\"ListItem\",\"position\":2,\"name\":\"I will wear what I want\"}]}]}<\/script>\n<!-- \/ Yoast SEO plugin. -->","yoast_head_json":{"title":"I will wear what I want - I Will Wear What I Want","description":"Alak\u00edts ki egy olyan st\u00edlust, ami neked a legink\u00e1bb megfelel: azt viseld, ami t\u00e9ged igaz\u00e1n kifejez, ami neked a legkomfortosabb \u00e9s ami a c\u00e9ljaidat a legjobban szolg\u00e1lja. Ezt a szeml\u00e9letet fejezi ki a magazinom neve is: \u201eI will wear what I want\u201d","robots":{"index":"index","follow":"follow","max-snippet":"max-snippet:-1","max-image-preview":"max-image-preview:large","max-video-preview":"max-video-preview:-1"},"canonical":"https:\/\/krisztinasiska.com\/iwm\/","og_locale":"hu_HU","og_type":"article","og_title":"I will wear what I want","og_description":"Alak\u00edts ki egy olyan st\u00edlust, ami neked a legink\u00e1bb megfelel: azt viseld, ami t\u00e9ged igaz\u00e1n kifejez, ami neked a legkomfortosabb \u00e9s ami a c\u00e9ljaidat a legjobban szolg\u00e1lja. Ezt a szeml\u00e9letet fejezi ki a magazinom neve is: \u201eI will wear what I want\u201d","og_url":"https:\/\/krisztinasiska.com\/iwm\/","og_site_name":"I Will Wear What I Want","article_publisher":"https:\/\/www.facebook.com\/krisztinasiska.style\/","article_modified_time":"2022-02-03T00:08:32+00:00","author":"Siska Krisztina","twitter_card":"summary_large_image","twitter_misc":{"Becs\u00fclt olvas\u00e1si id\u0151":"1 perc"},"schema":{"@context":"https:\/\/schema.org","@graph":[{"@type":["Person","Organization"],"@id":"https:\/\/krisztinasiska.com\/iwm\/#\/schema\/person\/f64c24c77362637319a4223d48f78ef9","name":"Siska Krisztina","image":{"@type":"ImageObject","inLanguage":"hu","@id":"https:\/\/krisztinasiska.com\/iwm\/#\/schema\/person\/image\/","url":"https:\/\/secure.gravatar.com\/avatar\/cf0df618703e5274ef3068726ef46b1a?s=96&r=g","contentUrl":"https:\/\/secure.gravatar.com\/avatar\/cf0df618703e5274ef3068726ef46b1a?s=96&r=g","caption":"Siska Krisztina"},"logo":{"@id":"https:\/\/krisztinasiska.com\/iwm\/#\/schema\/person\/image\/"},"sameAs":["https:\/\/www.facebook.com\/krisztinasiska.style\/","https:\/\/www.instagram.com\/krisztinasiska_stylist\/"]},{"@type":"WebSite","@id":"https:\/\/krisztinasiska.com\/iwm\/#website","url":"https:\/\/krisztinasiska.com\/iwm\/","name":"I Will Wear What I Want","description":"Siska Krisztina st\u00edlusmagazinja","publisher":{"@id":"https:\/\/krisztinasiska.com\/iwm\/#\/schema\/person\/f64c24c77362637319a4223d48f78ef9"},"potentialAction":[{"@type":"SearchAction","target":{"@type":"EntryPoint","urlTemplate":"https:\/\/krisztinasiska.com\/iwm\/?s={search_term_string}"},"query-input":"required name=search_term_string"}],"inLanguage":"hu"},{"@type":"WebPage","@id":"https:\/\/krisztinasiska.com\/iwm\/#webpage","url":"https:\/\/krisztinasiska.com\/iwm\/","name":"I will wear what I want - I Will Wear What I Want","isPartOf":{"@id":"https:\/\/krisztinasiska.com\/iwm\/#website"},"datePublished":"2019-07-31T10:19:22+00:00","dateModified":"2022-02-03T00:08:32+00:00","description":"Alak\u00edts ki egy olyan st\u00edlust, ami neked a legink\u00e1bb megfelel: azt viseld, ami t\u00e9ged igaz\u00e1n kifejez, ami neked a legkomfortosabb \u00e9s ami a c\u00e9ljaidat a legjobban szolg\u00e1lja. Ezt a szeml\u00e9letet fejezi ki a magazinom neve is: \u201eI will wear what I want\u201d","breadcrumb":{"@id":"https:\/\/krisztinasiska.com\/iwm\/#breadcrumb"},"inLanguage":"hu","potentialAction":[{"@type":"ReadAction","target":["https:\/\/krisztinasiska.com\/iwm\/"]}]},{"@type":"BreadcrumbList","@id":"https:\/\/krisztinasiska.com\/iwm\/#breadcrumb","itemListElement":[{"@type":"ListItem","position":1,"name":"Home","item":"https:\/\/krisztinasiska.com\/iwm\/"},{"@type":"ListItem","position":2,"name":"I will wear what I want"}]}]}},"_links":{"self":[{"href":"https:\/\/krisztinasiska.com\/iwm\/wp-json\/wp\/v2\/pages\/4925"}],"collection":[{"href":"https:\/\/krisztinasiska.com\/iwm\/wp-json\/wp\/v2\/pages"}],"about":[{"href":"https:\/\/krisztinasiska.com\/iwm\/wp-json\/wp\/v2\/types\/page"}],"author":[{"embeddable":true,"href":"https:\/\/krisztinasiska.com\/iwm\/wp-json\/wp\/v2\/users\/1"}],"replies":[{"embeddable":true,"href":"https:\/\/krisztinasiska.com\/iwm\/wp-json\/wp\/v2\/comments?post=4925"}],"version-history":[{"count":76,"href":"https:\/\/krisztinasiska.com\/iwm\/wp-json\/wp\/v2\/pages\/4925\/revisions"}],"predecessor-version":[{"id":80642,"href":"https:\/\/krisztinasiska.com\/iwm\/wp-json\/wp\/v2\/pages\/4925\/revisions\/80642"}],"wp:attachment":[{"href":"https:\/\/krisztinasiska.com\/iwm\/wp-json\/wp\/v2\/media?parent=4925"}],"curies":[{"name":"wp","href":"https:\/\/api.w.org\/{rel}","templated":true}]}}